{"id":9767,"date":"2021-11-29T13:29:41","date_gmt":"2021-11-29T12:29:41","guid":{"rendered":"https:\/\/lumo.vicomsolutions.pl\/shop\/order-track\/"},"modified":"2021-11-29T13:29:47","modified_gmt":"2021-11-29T12:29:47","slug":"order-track","status":"publish","type":"page","link":"https:\/\/lumoceramic.pl\/en\/shop\/order-track\/","title":{"rendered":"Order Track"},"content":{"rendered":"\t\t<div data-elementor-type=\"wp-page\" data-elementor-id=\"9767\" class=\"elementor elementor-9767 elementor-3698\">\n\t\t\t\t\t\t<section class=\"elementor-section elementor-top-section elementor-element elementor-element-6c92533 elementor-section-full_width qodef-elementor-content-grid elementor-section-height-default elementor-section-height-default\" data-id=\"6c92533\" data-element_type=\"section\" data-e-type=\"section\">\n\t\t\t\t\t\t<div class=\"elementor-container elementor-column-gap-default\">\n\t\t\t\t\t<div class=\"elementor-column elementor-col-100 elementor-top-column elementor-element elementor-element-9cf2e82\" data-id=\"9cf2e82\" data-element_type=\"column\" data-e-type=\"column\">\n\t\t\t<div class=\"elementor-widget-wrap elementor-element-populated\">\n\t\t\t\t\t\t<div class=\"elementor-element elementor-element-882d23e elementor-widget elementor-widget-etruscan_core_section_title\" data-id=\"882d23e\" data-element_type=\"widget\" data-e-type=\"widget\" data-widget_type=\"etruscan_core_section_title.default\">\n\t\t\t\t<div class=\"elementor-widget-container\">\n\t\t\t\t\t<div class=\"qodef-shortcode qodef-m  qodef-section-title qodef-alignment--left \">\n\t\t\t<h1 class=\"qodef-m-title\" >\n\t\t\t\t\t\u015aled\u017a swoje zam\u00f3wienie\t\t\t<\/h1>\n\t<\/div>\n\t\t\t\t<\/div>\n\t\t\t\t<\/div>\n\t\t\t\t<div class=\"elementor-element elementor-element-5da8fd5 elementor-widget elementor-widget-etruscan_core_order_tracking\" data-id=\"5da8fd5\" data-element_type=\"widget\" data-e-type=\"widget\" data-widget_type=\"etruscan_core_order_tracking.default\">\n\t\t\t\t<div class=\"elementor-widget-container\">\n\t\t\t\t\t<div class=\"qodef-shortcode qodef-m  qodef-order-tracking\">\n\t<div class=\"woocommerce\"><\/div><\/div>\n\t\t\t\t<\/div>\n\t\t\t\t<\/div>\n\t\t\t\t\t<\/div>\n\t\t<\/div>\n\t\t\t\t\t<\/div>\n\t\t<\/section>\n\t\t\t\t<\/div>\n\t\t","protected":false},"excerpt":{"rendered":"<p>\u015aled\u017a swoje zam\u00f3wienie Aby \u015bledzi\u0107 swoje zam\u00f3wienie wpisz jego numer w polu poni\u017cej i naci\u015bnij przycisk &#8220;\u015aled\u017a&#8221;. Numer zam\u00f3wienia znajdziesz na paragonie oraz w mailu potwierdzaj\u0105cym zam\u00f3wienie, kt\u00f3ry do ciebie wys\u0142ali\u015bmy. Identyfikator zam\u00f3wienia E-mail p\u0142atno\u015bci \u015aled\u017a<\/p>\n","protected":false},"author":1,"featured_media":0,"parent":9367,"menu_order":0,"comment_status":"closed","ping_status":"closed","template":"page-full-width.php","meta":{"footnotes":""},"class_list":["post-9767","page","type-page","status-publish","hentry"],"_links":{"self":[{"href":"https:\/\/lumoceramic.pl\/en\/wp-json\/wp\/v2\/pages\/9767","targetHints":{"allow":["GET"]}}],"collection":[{"href":"https:\/\/lumoceramic.pl\/en\/wp-json\/wp\/v2\/pages"}],"about":[{"href":"https:\/\/lumoceramic.pl\/en\/wp-json\/wp\/v2\/types\/page"}],"author":[{"embeddable":true,"href":"https:\/\/lumoceramic.pl\/en\/wp-json\/wp\/v2\/users\/1"}],"replies":[{"embeddable":true,"href":"https:\/\/lumoceramic.pl\/en\/wp-json\/wp\/v2\/comments?post=9767"}],"version-history":[{"count":0,"href":"https:\/\/lumoceramic.pl\/en\/wp-json\/wp\/v2\/pages\/9767\/revisions"}],"up":[{"embeddable":true,"href":"https:\/\/lumoceramic.pl\/en\/wp-json\/wp\/v2\/pages\/9367"}],"wp:attachment":[{"href":"https:\/\/lumoceramic.pl\/en\/wp-json\/wp\/v2\/media?parent=9767"}],"curies":[{"name":"wp","href":"https:\/\/api.w.org\/{rel}","templated":true}]}}