{"id":9861,"date":"2021-12-01T00:54:34","date_gmt":"2021-11-30T23:54:34","guid":{"rendered":"https:\/\/lumo.vicomsolutions.pl\/privacy-policy\/"},"modified":"2021-12-01T00:54:35","modified_gmt":"2021-11-30T23:54:35","slug":"privacy-policy","status":"publish","type":"page","link":"https:\/\/lumoceramic.pl\/en\/privacy-policy\/","title":{"rendered":"Privacy policy"},"content":{"rendered":"\n<div style=\"height:30px\" aria-hidden=\"true\" class=\"wp-block-spacer\"><\/div>\n\n<p>Sklep internetowy dok\u0142ada wszelkich stara\u0144 w celu zapewnienia poszanowania Pa\u0144stwa prywatno\u015bci i ochrony udzielonych informacji osobowych podczas korzystania z Witryny i dokonywania zakup\u00f3w w ramach sklepu oraz w tym celu podejmuje wszelkie niezb\u0119dne dzia\u0142ania. <\/p>\n\n<hr class=\"wp-block-separator\"\/>\n\n<h5 class=\"wp-block-heading\"><strong>Jakie dane zbiera sklep internetowy w spos\u00f3b automatyczny podczas korzystania z Witryny?<\/strong> <\/h5>\n\n<p>Sklep internetowy nie zbiera w spos\u00f3b automatyczny \u017cadnych danych, z wyj\u0105tkiem danych zawartych w plikach cookies podczas samego korzystania z Witryny. Pliki cookies to ma\u0142e pliki tekstowe wysy\u0142ane przez sklep internetowy i przechowywane na Pa\u0144stwa komputerze zawieraj\u0105ce pewne informacje zwi\u0105zane z korzystaniem przez Pa\u0144stwa z Witryny i Sklepu Internetowego. Wykorzystywane przez sklep internetowy pliki cookies mog\u0105 mie\u0107 charakter tymczasowy lub trwa\u0142y. Tymczasowe pliki cookies s\u0105 usuwane z chwil\u0105 zamkni\u0119cia przegl\u0105darki, natomiast sta\u0142e pliki cookies s\u0105 przechowywane tak\u017ce po zako\u0144czeniu korzystania przez Pa\u0144stwa z Witryny i s\u0142u\u017c\u0105 do przechowywania informacji takich jak Pa\u0144stwa has\u0142o czy login, co przyspiesza i u\u0142atwia korzystanie z Witryny. Sklep internetowy wykorzystuje poni\u017cej wymienione pliki cookies:<\/p>\n\n<ol class=\"wp-block-list\"><li>Cookies tymczasowe (sesyjne): s\u0105 przechowywane na Urz\u0105dzeniu U\u017cytkownika i pozostaj\u0105 tam do momentu zako\u0144czenia sesji danej przegl\u0105darki. Zapisane informacje s\u0105 w\u00f3wczas trwale usuwane z pami\u0119ci Urz\u0105dzenia. Mechanizm cookies sesyjnych nie pozwala na pobieranie jakichkolwiek danych osobowych ani \u017cadnych informacji poufnych z Urz\u0105dzenia U\u017cytkownika.<\/li><li>Cookies trwa\u0142e: s\u0105 przechowywane na Urz\u0105dzeniu U\u017cytkownika i pozostaj\u0105 tam do momentu ich skasowania. Zako\u0144czenie sesji danej przegl\u0105darki lub wy\u0142\u0105czenie Urz\u0105dzenia nie powoduje ich usuni\u0119cia z Urz\u0105dzenia U\u017cytkownika. Mechanizm cookies trwa\u0142ych nie pozwala na pobieranie jakichkolwiek danych osobowych ani \u017cadnych informacji poufnych z Urz\u0105dzenia U\u017cytkownika.<\/li><\/ol>\n<p>Cele w jakich wykorzystywane s\u0105 cookies:<\/p>\n\n<p>\u2013 konfiguracji serwisu,<br\/>\u2013 uwierzytelniania u\u017cytkownika w serwisie i zapewnienia sesji u\u017cytkownika w serwisie,<br\/>\u2013 realizacji proces\u00f3w niezb\u0119dnych dla pe\u0142nej funkcjonalno\u015bci stron internetowych,<br\/>\u2013 analiz i bada\u0144 oraz audytu ogl\u0105dalno\u015bci,<br\/>\u2013 zapewnienia bezpiecze\u0144stwa i niezawodno\u015bci serwisu,<br\/>\u2013 zbierania og\u00f3lnych i anonimowych danych statycznych za po\u015brednictwem narz\u0119dzi analitycznych. W ka\u017cdym wypadku mog\u0105 Pa\u0144stwo zablokowa\u0107 instalowanie plik\u00f3w cookies lub usun\u0105\u0107 sta\u0142e pliki cookies, wykorzystuj\u0105c stosowne opcje Pa\u0144stwa przegl\u0105darki internetowej. W razie problem\u00f3w doradzamy skorzysta\u0107 z pliku pomocy przegl\u0105darki lub skontaktowa\u0107 si\u0119 z producentem przegl\u0105darki, z kt\u00f3rej Pa\u0144stwo korzystacie. Obok plik\u00f3w cookies sklep internetowy mo\u017ce r\u00f3wnie\u017c gromadzi\u0107 dane zwyczajowo zbierane przez administrator\u00f3w system\u00f3w internetowych w ramach tzw. log\u00f3w lub plik\u00f3w dziennika. Informacje zawarte w logach mog\u0105 obejmowa\u0107 m.in. Pa\u0144stwa adres IP, rodzaj platformy i przegl\u0105darki internetowej, dostawc\u0119 Internetu oraz adres strony, z kt\u00f3rej weszli\u015bcie Pa\u0144stwo na Witryn\u0119. Niekt\u00f3re podstrony w ramach Witryny oraz inne \u015brodki z komunikacji z Pa\u0144stwem mog\u0105 zawiera\u0107 tzw. \u201eweb beacons\u201d (tzw. elektroniczne obrazki). Web beacons pozwalaj\u0105 na otrzymanie informacji takich jak np. adres IP komputera, na kt\u00f3ry za\u0142adowana zosta\u0142a strona, na kt\u00f3rej web beacon zosta\u0142 zamieszczony, numer URL strony, czas za\u0142adowania strony, rodzaj przegl\u0105darki, jak r\u00f3wnie\u017c informacje zawarte w cookies, w celu oceny efektywno\u015bci naszych reklam. Dane te b\u0119d\u0105 archiwizowane i wykorzystywane w celach analizy statystycznej i oceny globalnego ruchu u\u017cytkownik\u00f3w Witryny. Dane te nie b\u0119d\u0105 \u0142\u0105czone z przekazanymi przez Pa\u0144stwo danymi osobowymi.<\/p>\n\n<hr class=\"wp-block-separator\"\/>\n\n<h5 class=\"wp-block-heading\"><strong>Jakie dane zbiera sklep internetowy podczas rejestracji i dokonywania zakup\u00f3w?<\/strong> <\/h5>\n\n<p>Sklep internetowy b\u0119dzie od Pa\u0144stwa zbiera\u0142 nast\u0119puj\u0105ce dane osobowe za po\u015brednictwem Witryny oraz innych form komunikacji, w przypadku dokonywania zakup\u00f3w i procesu rejestracji na Witrynie:<\/p>\n\n<ol class=\"wp-block-list\"><li>Nazwisko i imi\u0119,<\/li><li>Adres dostawy towaru,<\/li><li>Adres zamawiaj\u0105cego, je\u017celi jest inny ni\u017c adres dostawy,<\/li><li>Adres poczty elektronicznej,<\/li><li>Numer telefonu.<\/li><\/ol>\n<p><em>Podanie powy\u017cszych danych jest dobrowolne lecz konieczne dla dokonania rejestracji i zakup\u00f3w w ramach zarejestrowanego konta w Witrynie.<\/em><\/p>\n\n<hr class=\"wp-block-separator\"\/>\n\n<h5 class=\"wp-block-heading\"><strong>Marketing Sklepu Internetowego<\/strong> <\/h5>\n\n<p>O ile Pa\u0144stwo wyrazili\u015bcie na to zgod\u0119 (zapis do newslettera), podany przez Pa\u0144stwa adres e-mail b\u0119dzie wykorzystywany w celach marketingowych w\u0142asnych produkt\u00f3w <strong>LUMOCERAMIC.COM<\/strong>. Zgoda mo\u017ce by\u0107 cofni\u0119ta w ka\u017cdym czasie. <\/p>\n\n<hr class=\"wp-block-separator\"\/>\n\n<h5 class=\"wp-block-heading\"><strong>Udost\u0119pnienie informacji<\/strong> <\/h5>\n\n<p>W celu realizacji umowy sklep internetowy mo\u017ce udost\u0119pnia\u0107 zebrane od Pa\u0144stwa dane do nast\u0119puj\u0105cych podmiot\u00f3w, firmy kurierskie DPD Polska, InPost oraz GLS Polska, operatora systemu p\u0142atno\u015bci PayU. W takich przypadkach ilo\u015b\u0107 przekazywanych danych ograniczona jest do wymaganego minimum. Ponadto, podane przez Pa\u0144stwa informacje mog\u0105 zosta\u0107 udost\u0119pnione w\u0142a\u015bciwym organom w\u0142adzy publicznej, je\u017celi wymagaj\u0105 tego obowi\u0105zuj\u0105ce przepisy prawa. <\/p>\n\n<hr class=\"wp-block-separator\"\/>\n\n<h5 class=\"wp-block-heading\"><strong>\u015arodki techniczne i Pa\u0144stwa obowi\u0105zki<\/strong> <\/h5>\n\n<p>Sklep internetowy dok\u0142ada wszelkich mo\u017cliwych stara\u0144, aby zabezpieczy\u0107 Pa\u0144stwa dane i ochroni\u0107 je przed dzia\u0142aniami os\u00f3b trzecich. Stosujemy wszelkie niezb\u0119dne zabezpieczenia serwer\u00f3w, po\u0142\u0105cze\u0144 i Witryny w celu ochrony Pa\u0144stwa danych, w szczeg\u00f3lno\u015bci zap\u00f3r sieciowych (firewall). Wszystkie po\u0142\u0105czenia zwi\u0105zane z wykonaniem przez Pa\u0144stwa p\u0142atno\u015bci elektronicznych, w przypadku wyboru takiej opcji, b\u0119d\u0105 nast\u0119powa\u0107 za po\u015brednictwem bezpiecznego szyfrowanego po\u0142\u0105czenia.<\/p>\n\n<p>Podj\u0119te przez nas dzia\u0142ania mog\u0105 okaza\u0107 si\u0119 jednak niewystarczaj\u0105ce, je\u017celi sami nie zachowaj\u0105 Pa\u0144stwo zasad bezpiecze\u0144stwa. W szczeg\u00f3lno\u015bci musz\u0105 Pa\u0144stwo zachowa\u0107 poufno\u015bci login i has\u0142o do Witryny i nie udost\u0119pnia\u0107 ich osobom trzecim. Prosz\u0119 pami\u0119ta\u0107, \u017ce sklep internetowy nie b\u0119dzie zwraca\u0142 si\u0119 do Pa\u0144stwa o ich podanie, z wyj\u0105tkiem podania ich w trakcie logowania na Witrynie. W celu uniemo\u017cliwienia korzystania z pa\u0144stwa konta osobom nieuprawnionym prosimy si\u0119 wylogowa\u0107 po zako\u0144czeniu korzystania z Witryny.<\/p>\n\n<hr class=\"wp-block-separator\"\/>\n\n<h5 class=\"wp-block-heading\"><strong>W jaki spos\u00f3b mo\u017cecie Pa\u0144stwo korzysta\u0107 z przys\u0142uguj\u0105cych praw?<\/strong> <\/h5>\n\n<p>Macie Pa\u0144stwo mo\u017cliwo\u015b\u0107 podgl\u0105du i edycji Pa\u0144stwa danych, w ka\u017cdym czasie, w ramach Witryny, po zalogowaniu si\u0119 z u\u017cyciem adresu e-mail oraz has\u0142a. W sytuacji, gdy zapomnicie Pa\u0144stwo has\u0142a lub wyst\u0105pienia innych problem\u00f3w z logowaniem, prosimy o kontakt pod adresem: <a href=\"mailto:lumo.ceramic@gmail.com\" target=\"_blank\" rel=\"noreferrer noopener\">lumo.ceramic@gmail.com<\/a> Przys\u0142uguje Pa\u0144stwu prawo do \u017c\u0105dania informacji o tre\u015bci przechowywanych na Pa\u0144stwa temat danych, jak r\u00f3wnie\u017c prawo do \u017c\u0105dania zmiany, zablokowania lub usuni\u0119cia danych, a tak\u017ce prawo do sprostowania b\u0142\u0119d\u00f3w, uzupe\u0142nienia lub uaktualnienia Pa\u0144stwa danych. Macie Pa\u0144stwo r\u00f3wnie\u017c mo\u017cliwo\u015b\u0107 wniesienia sprzeciwu wobec przetwarzania Pa\u0144stwa danych osobowych w celach marketingowych. Prosimy w tym celu o kontakt pod adresem: <a href=\"mailto:sklepcotton@gmail.com\"><meta charset=\"utf-8\"\/><\/a><a href=\"mailto:lumo.ceramic@gmail.com\" target=\"_blank\" rel=\"noreferrer noopener\">lumo.ceramic@gmail.com<\/a>.<\/p>\n\n<hr class=\"wp-block-separator\"\/>\n\n<h5 class=\"wp-block-heading\"><strong>Inne strony internetowe<\/strong> <\/h5>\n\n<p>W ramach Witryny mog\u0105 pojawia\u0107 si\u0119 okresowo linki do innych stron internetowych. Takie strony internetowe dzia\u0142aj\u0105 niezale\u017cnie od Witryny i nie s\u0105 w \u017caden spos\u00f3b nadzorowane przez sklep internetowy. Strony te mog\u0105 posiada\u0107 w\u0142asne polityki dotycz\u0105ce prywatno\u015bci, z kt\u00f3rymi zalecamy zapozna\u0107 si\u0119. Sklep internetowy nie ponosi odpowiedzialno\u015bci za zasady post\u0119powania z danymi w ramach tych stron. <\/p>\n\n<hr class=\"wp-block-separator\"\/>\n\n<h5 class=\"wp-block-heading\"><strong>Pytania i zastrze\u017cenia<\/strong> <\/h5>\n\n<p>Pytania i zastrze\u017cenia dotycz\u0105ce niniejszej Polityki prywatno\u015bci mog\u0105 by\u0107 przez Pa\u0144stwa zadane pod adresem: <a href=\"mailto:sklepcotton@gmail.com\"><meta charset=\"utf-8\"\/><\/a><a href=\"mailto:lumo.ceramic@gmail.com\" target=\"_blank\" rel=\"noreferrer noopener\">lumo.ceramic@gmail.com<\/a> <\/p>\n\n<div style=\"height:50px\" aria-hidden=\"true\" class=\"wp-block-spacer\"><\/div>\n","protected":false},"excerpt":{"rendered":"<p>Sklep internetowy dok\u0142ada wszelkich stara\u0144 w celu zapewnienia poszanowania Pa\u0144stwa prywatno\u015bci i ochrony udzielonych informacji osobowych podczas korzystania z Witryny i dokonywania zakup\u00f3w w ramach sklepu oraz w tym celu podejmuje wszelkie niezb\u0119dne dzia\u0142ania. Jakie dane zbiera sklep internetowy w spos\u00f3b automatyczny podczas korzystania z Witryny? Sklep internetowy nie zbiera w spos\u00f3b automatyczny \u017cadnych danych, [&hellip;]<\/p>\n","protected":false},"author":1,"featured_media":0,"parent":0,"menu_order":0,"comment_status":"closed","ping_status":"open","template":"","meta":{"footnotes":""},"class_list":["post-9861","page","type-page","status-publish","hentry"],"_links":{"self":[{"href":"https:\/\/lumoceramic.pl\/en\/wp-json\/wp\/v2\/pages\/9861","targetHints":{"allow":["GET"]}}],"collection":[{"href":"https:\/\/lumoceramic.pl\/en\/wp-json\/wp\/v2\/pages"}],"about":[{"href":"https:\/\/lumoceramic.pl\/en\/wp-json\/wp\/v2\/types\/page"}],"author":[{"embeddable":true,"href":"https:\/\/lumoceramic.pl\/en\/wp-json\/wp\/v2\/users\/1"}],"replies":[{"embeddable":true,"href":"https:\/\/lumoceramic.pl\/en\/wp-json\/wp\/v2\/comments?post=9861"}],"version-history":[{"count":0,"href":"https:\/\/lumoceramic.pl\/en\/wp-json\/wp\/v2\/pages\/9861\/revisions"}],"wp:attachment":[{"href":"https:\/\/lumoceramic.pl\/en\/wp-json\/wp\/v2\/media?parent=9861"}],"curies":[{"name":"wp","href":"https:\/\/api.w.org\/{rel}","templated":true}]}}