{"id":9865,"date":"2021-12-01T01:00:30","date_gmt":"2021-12-01T00:00:30","guid":{"rendered":"https:\/\/lumo.vicomsolutions.pl\/rodo\/"},"modified":"2021-12-01T01:02:17","modified_gmt":"2021-12-01T00:02:17","slug":"rodo","status":"publish","type":"page","link":"https:\/\/lumoceramic.pl\/en\/rodo\/","title":{"rendered":"RODO"},"content":{"rendered":"\t\t<div data-elementor-type=\"wp-page\" data-elementor-id=\"9865\" class=\"elementor elementor-9865 elementor-8529\">\n\t\t\t\t\t\t<section class=\"elementor-section elementor-top-section elementor-element elementor-element-0372617 elementor-section-boxed elementor-section-height-default elementor-section-height-default qodef-elementor-content-no\" data-id=\"0372617\" data-element_type=\"section\" data-e-type=\"section\">\n\t\t\t\t\t\t<div class=\"elementor-container elementor-column-gap-default\">\n\t\t\t\t\t<div class=\"elementor-column elementor-col-100 elementor-top-column elementor-element elementor-element-e6057da\" data-id=\"e6057da\" data-element_type=\"column\" data-e-type=\"column\">\n\t\t\t<div class=\"elementor-widget-wrap elementor-element-populated\">\n\t\t\t\t\t\t<div class=\"elementor-element elementor-element-e093060 elementor-widget elementor-widget-qi_addons_for_elementor_faq\" data-id=\"e093060\" data-element_type=\"widget\" data-e-type=\"widget\" data-widget_type=\"qi_addons_for_elementor_faq.default\">\n\t\t\t\t<div class=\"elementor-widget-container\">\n\t\t\t\t\t<div class=\"qodef-shortcode qodef-m qodef-qi-faq qodef-qi-clear qodef-behavior--none qodef-layout--simple qodef-style--standard\">\n\t<h3 class=\"qodef-e-title-holder\">\n\t<span class=\"qodef-e-title\">\n\t\t\t\tData processing in connection with Rodo\t<\/span>\n\t<\/h3>\n<div class=\"qodef-e-content\">\n\t<div class=\"qodef-e-content-inner\">\n\t\tYour data will be processed for the provision of services by Lumo Ceramic Justyna Kosmalska. Processing data for a period longer takes place only for the purpose of Lumo Ceramic Justyna Kosmalska's obligations resulting from the generally applicable law, eg for accounting purposes.\n\nPodanie przez Pa\u0144stwa danych osobowych jest dobrowolne, ale niezb\u0119dne do \u015bwiadczenia us\u0142ug przez Lumo Ceramic Justyna Kosmalska. Niepodanie danych osobowych skutkowa\u0107 mo\u017ce brakiem mo\u017cliwo\u015bci \u015bwiadczenia us\u0142ug przez Lumo Ceramic Justyna Kosmalska.\t<\/div>\n<\/div>\n<h3 class=\"qodef-e-title-holder\">\n\t<span class=\"qodef-e-title\">\n\t\t\t\tRights entitled in connection with a new regulation\t<\/span>\n\t<\/h3>\n<div class=\"qodef-e-content\">\n\t<div class=\"qodef-e-content-inner\">\n\t\tW zwi\u0105zku z now\u0105 regulacj\u0105 przys\u0142uguje Pa\u0144stwu prawo w szczeg\u00f3lno\u015bci do:\n<ul>\n \t<li>\u017c\u0105dania od nazwa.pl dost\u0119pu do Pa\u0144stwa danych osobowych,<\/li>\n \t<li>uzyskania informacji o celach przetwarzania, kategoriach przetwarzanych danych, odbiorcach danych, okresie przechowywania danych (je\u017celi okre\u015blenie okresu jest niemo\u017cliwe, przys\u0142uguje Pa\u0144stwu prawo do informacji o kryteriach ustalenia tego okresu),<\/li>\n \t<li>sprostowania danych osobowych, a je\u017celi s\u0105 one nieprawid\u0142owe, prawo do \u017c\u0105dania uzupe\u0142nienia niekompletnych danych osobowych.<\/li>\n<\/ul>\t<\/div>\n<\/div>\n<h3 class=\"qodef-e-title-holder\">\n\t<span class=\"qodef-e-title\">\n\t\t\t\tThe right to request immediate data deletion\t<\/span>\n\t<\/h3>\n<div class=\"qodef-e-content\">\n\t<div class=\"qodef-e-content-inner\">\n\t\tPrawo do \u017c\u0105dania niezw\u0142ocznego usuni\u0119cia Pa\u0144stwa danych osobowych wyst\u0119puje w przypadkach, gdy:\n<ul>\n \t<li>dane osobowe nie s\u0105 ju\u017c niezb\u0119dne do cel\u00f3w, w kt\u00f3rych zosta\u0142y zebrane lub w inny spos\u00f3b przetwarzane,<\/li>\n \t<li>zgoda na przetwarzanie Pa\u0144stwa danych osobowych zosta\u0142a wycofana,<\/li>\n \t<li>zg\u0142osili Pa\u0144stwo sprzeciw wobec przetwarzania Pa\u0144stwa danych osobowych w celach marketingowych,<\/li>\n \t<li>zg\u0142osili Pa\u0144stwo sprzeciw wobec przetwarzania Pa\u0144stwa danych osobowych (w tym profilowania) opartego na realizowanym przez lumoceramic.pl lub przez stron\u0119 trzeci\u0105 prawnie uzasadnionym interesie, chyba \u017ce istniej\u0105 wa\u017cne, prawnie uzasadnione podstawy do przetwarzania Pa\u0144stwa danych osobowych, nadrz\u0119dne wobec Pa\u0144stwa interes\u00f3w, praw i wolno\u015bci lub istniej\u0105 podstawy do ustalenia, dochodzenia lub obrony roszcze\u0144.<\/li>\n<\/ul>\t<\/div>\n<\/div>\n<h3 class=\"qodef-e-title-holder\">\n\t<span class=\"qodef-e-title\">\n\t\t\t\tThe right to request a reduction in data processing\t<\/span>\n\t<\/h3>\n<div class=\"qodef-e-content\">\n\t<div class=\"qodef-e-content-inner\">\n\t\tPrawo do \u017c\u0105dania ograniczenia przetwarzania Pa\u0144stwa danych osobowych wyst\u0119puje w przypadkach gdy:\n<ul>\n \t<li>kwestionuj\u0105 Pa\u0144stwo prawid\u0142owo\u015b\u0107 danych osobowych - na okres pozwalaj\u0105cy Lumo Ceramic Justyna Kosmalska sprawdzi\u0107 prawid\u0142owo\u015b\u0107 tych danych,<\/li>\n \t<li>przetwarzanie jest niezgodne z prawem (np. nie udzielili Pa\u0144stwo zgody w przypadku, kiedy by\u0142a niezb\u0119dna), a sprzeciwili si\u0119 Pa\u0144stwo usuni\u0119ciu Pa\u0144stwa danych osobowych, \u017c\u0105daj\u0105c w zamian ograniczenia ich wykorzystywania,<\/li>\n \t<li>Lumo Ceramic Justyna Kosmalska nie potrzebuje ju\u017c Pa\u0144stwa danych osobowych do cel\u00f3w przetwarzania, ale s\u0105 one Pa\u0144stwu potrzebne do ustalenia, dochodzenia lub obrony roszcze\u0144,<\/li>\n \t<li>zg\u0142osili Pa\u0144stwo sprzeciw (na mocy art. 21 ust. 1 RODO) wobec przetwarzania - do czasu stwierdzenia, czy prawnie uzasadnione podstawy po stronie Lumo Ceramic Justyna Kosmalska s\u0105 nadrz\u0119dne wobec podstaw Pa\u0144stwa sprzeciwu.<\/li>\n<\/ul>\nJe\u017celi zg\u0142osz\u0105 Pa\u0144stwo \u017c\u0105danie ograniczenia przetwarzania, Lumo Ceramic Justyna Kosmalska nie b\u0119dzie przetwarza\u0107 Pa\u0144stwa danych osobowych bez zgody, z wyj\u0105tkiem ich przechowywania lub w celu ustalenia, dochodzenia lub obrony roszcze\u0144, lub w celu ochrony praw innej osoby fizycznej lub prawnej, lub z uwagi na wa\u017cne wzgl\u0119dy interesu publicznego Unii lub pa\u0144stwa cz\u0142onkowskiego. Przed uchyleniem ograniczenia zostan\u0105 Pa\u0144stwo o tym poinformowani.\t<\/div>\n<\/div>\n<h3 class=\"qodef-e-title-holder\">\n\t<span class=\"qodef-e-title\">\n\t\t\t\tThe right to raise objections\t<\/span>\n\t<\/h3>\n<div class=\"qodef-e-content\">\n\t<div class=\"qodef-e-content-inner\">\n\t\tMaj\u0105 Pa\u0144stwo prawo do wniesienia sprzeciwu w przypadku przetwarzania Pa\u0144stwa danych osobowych na potrzeby marketingu bezpo\u015bredniego, w tym profilowania, w zakresie, w jakim przetwarzanie jest zwi\u0105zane z marketingiem bezpo\u015brednim. Po wniesieniu sprzeciwu Lumo Ceramic Justyna Kosmalska nie b\u0119dzie przetwarza\u0107 Pa\u0144stwa danych osobowych do celu marketingu bezpo\u015bredniego (w tym profilowania). Przys\u0142uguje Pa\u0144stwu prawo do wniesienia sprzeciwu za po\u015brednictwem zautomatyzowanych \u015brodk\u00f3w wykorzystuj\u0105cych specyfikacje techniczne.\t<\/div>\n<\/div>\n<h3 class=\"qodef-e-title-holder\">\n\t<span class=\"qodef-e-title\">\n\t\t\t\tOther rights\t<\/span>\n\t<\/h3>\n<div class=\"qodef-e-content\">\n\t<div class=\"qodef-e-content-inner\">\n\t\tMaj\u0105 Pa\u0144stwo prawo otrzyma\u0107 w ustrukturyzowanym, powszechnie u\u017cywanym formacie nadaj\u0105cym si\u0119 do odczytu maszynowego Pa\u0144stwa dane osobowe, kt\u00f3re zosta\u0142y dostarczone oraz prawo do przes\u0142ania tych danych osobowych innemu administratorowi bez przeszk\u00f3d ze strony Lumo Ceramic Justyna Kosmalska, je\u017celi:\n<ul>\n \t<li>przetwarzanie odbywa si\u0119 na podstawie udzielonej zgody lub na podstawie umowy, dla wykonania kt\u00f3rej przetwarzanie danych jest niezb\u0119dne oraz<\/li>\n \t<li>przetwarzanie odbywa si\u0119 w spos\u00f3b zautomatyzowany.<\/li>\n<\/ul>\nLumo Ceramic Justyna Kosmalska mo\u017ce, na Pa\u0144stwa \u017c\u0105danie, przes\u0142a\u0107 Pa\u0144stwa dane osobowe bezpo\u015brednio innemu administratorowi, o ile jest to technicznie mo\u017cliwe.\n\nPrzys\u0142uguje Pa\u0144stwu r\u00f3wnie\u017c prawo do cofni\u0119cia zgody na przetwarzanie Pa\u0144stwa danych osobowych w dowolnym momencie, nie ma to jednak wp\u0142ywu na zgodno\u015b\u0107 z prawem przetwarzania, kt\u00f3rego dokonano na podstawie zgody przed jej cofni\u0119ciem.\n\nPrzys\u0142uguje Pa\u0144stwu r\u00f3wnie\u017c prawo wniesienia skargi do Prezesa Urz\u0119du Ochrony Danych Osobowych, w zwi\u0105zku z przetwarzaniem Pa\u0144stwa danych osobowych.\t<\/div>\n<\/div>\n<h3 class=\"qodef-e-title-holder\">\n\t<span class=\"qodef-e-title\">\n\t\t\t\tPrivacy policy\t<\/span>\n\t<\/h3>\n<div class=\"qodef-e-content\">\n\t<div class=\"qodef-e-content-inner\">\n\t\t<p>Lumo Ceramic Justyna Kosmalska informuje o tym, \u017ce na swojej stronie internetowej stosuje pliki cookies. Korzystaj\u0105c z sklepu internetowego lumoceramic.pl bez zmiany ustawie\u0144 przegl\u0105darki, wyra\u017caj\u0105 Pa\u0144stwo zgod\u0119 na stosowanie plik\u00f3w cookies zgodnie z Polityk\u0105 Prywatno\u015bci.<\/p>\t<\/div>\n<\/div>\n<\/div>\n\t<script type=\"application\/ld+json\">{\"@context\":\"https:\\\/\\\/schema.org\",\"@type\":\"FAQPage\",\"mainEntity\":[{\"@type\":\"Question\",\"name\":\"Data processing in connection with Rodo\",\"acceptedAnswer\":{\"@type\":\"Answer\",\"text\":\"Your data will be processed for the provision of services by Lumo Ceramic Justyna Kosmalska. Processing data for a period longer takes place only for the purpose of Lumo Ceramic Justyna Kosmalska's obligations resulting from the generally applicable law, eg for accounting purposes.\\n\\nPodanie przez Pa\\u0144stwa danych osobowych jest dobrowolne, ale niezb\\u0119dne do \\u015bwiadczenia us\\u0142ug przez Lumo Ceramic Justyna Kosmalska. Niepodanie danych osobowych skutkowa\\u0107 mo\\u017ce brakiem mo\\u017cliwo\\u015bci \\u015bwiadczenia us\\u0142ug przez Lumo Ceramic Justyna Kosmalska.\"}},{\"@type\":\"Question\",\"name\":\"Rights entitled in connection with a new regulation\",\"acceptedAnswer\":{\"@type\":\"Answer\",\"text\":\"W zwi\\u0105zku z now\\u0105 regulacj\\u0105 przys\\u0142uguje Pa\\u0144stwu prawo w szczeg\\u00f3lno\\u015bci do:\\n<ul>\\n \\t<li>\\u017c\\u0105dania od nazwa.pl dost\\u0119pu do Pa\\u0144stwa danych osobowych,<\\\/li>\\n \\t<li>uzyskania informacji o celach przetwarzania, kategoriach przetwarzanych danych, odbiorcach danych, okresie przechowywania danych (je\\u017celi okre\\u015blenie okresu jest niemo\\u017cliwe, przys\\u0142uguje Pa\\u0144stwu prawo do informacji o kryteriach ustalenia tego okresu),<\\\/li>\\n \\t<li>sprostowania danych osobowych, a je\\u017celi s\\u0105 one nieprawid\\u0142owe, prawo do \\u017c\\u0105dania uzupe\\u0142nienia niekompletnych danych osobowych.<\\\/li>\\n<\\\/ul>\"}},{\"@type\":\"Question\",\"name\":\"The right to request immediate data deletion\",\"acceptedAnswer\":{\"@type\":\"Answer\",\"text\":\"Prawo do \\u017c\\u0105dania niezw\\u0142ocznego usuni\\u0119cia Pa\\u0144stwa danych osobowych wyst\\u0119puje w przypadkach, gdy:\\n<ul>\\n \\t<li>dane osobowe nie s\\u0105 ju\\u017c niezb\\u0119dne do cel\\u00f3w, w kt\\u00f3rych zosta\\u0142y zebrane lub w inny spos\\u00f3b przetwarzane,<\\\/li>\\n \\t<li>zgoda na przetwarzanie Pa\\u0144stwa danych osobowych zosta\\u0142a wycofana,<\\\/li>\\n \\t<li>zg\\u0142osili Pa\\u0144stwo sprzeciw wobec przetwarzania Pa\\u0144stwa danych osobowych w celach marketingowych,<\\\/li>\\n \\t<li>zg\\u0142osili Pa\\u0144stwo sprzeciw wobec przetwarzania Pa\\u0144stwa danych osobowych (w tym profilowania) opartego na realizowanym przez lumoceramic.pl lub przez stron\\u0119 trzeci\\u0105 prawnie uzasadnionym interesie, chyba \\u017ce istniej\\u0105 wa\\u017cne, prawnie uzasadnione podstawy do przetwarzania Pa\\u0144stwa danych osobowych, nadrz\\u0119dne wobec Pa\\u0144stwa interes\\u00f3w, praw i wolno\\u015bci lub istniej\\u0105 podstawy do ustalenia, dochodzenia lub obrony roszcze\\u0144.<\\\/li>\\n<\\\/ul>\"}},{\"@type\":\"Question\",\"name\":\"The right to request a reduction in data processing\",\"acceptedAnswer\":{\"@type\":\"Answer\",\"text\":\"Prawo do \\u017c\\u0105dania ograniczenia przetwarzania Pa\\u0144stwa danych osobowych wyst\\u0119puje w przypadkach gdy:\\n<ul>\\n \\t<li>kwestionuj\\u0105 Pa\\u0144stwo prawid\\u0142owo\\u015b\\u0107 danych osobowych - na okres pozwalaj\\u0105cy Lumo Ceramic Justyna Kosmalska sprawdzi\\u0107 prawid\\u0142owo\\u015b\\u0107 tych danych,<\\\/li>\\n \\t<li>przetwarzanie jest niezgodne z prawem (np. nie udzielili Pa\\u0144stwo zgody w przypadku, kiedy by\\u0142a niezb\\u0119dna), a sprzeciwili si\\u0119 Pa\\u0144stwo usuni\\u0119ciu Pa\\u0144stwa danych osobowych, \\u017c\\u0105daj\\u0105c w zamian ograniczenia ich wykorzystywania,<\\\/li>\\n \\t<li>Lumo Ceramic Justyna Kosmalska nie potrzebuje ju\\u017c Pa\\u0144stwa danych osobowych do cel\\u00f3w przetwarzania, ale s\\u0105 one Pa\\u0144stwu potrzebne do ustalenia, dochodzenia lub obrony roszcze\\u0144,<\\\/li>\\n \\t<li>zg\\u0142osili Pa\\u0144stwo sprzeciw (na mocy art. 21 ust. 1 RODO) wobec przetwarzania - do czasu stwierdzenia, czy prawnie uzasadnione podstawy po stronie Lumo Ceramic Justyna Kosmalska s\\u0105 nadrz\\u0119dne wobec podstaw Pa\\u0144stwa sprzeciwu.<\\\/li>\\n<\\\/ul>\\nJe\\u017celi zg\\u0142osz\\u0105 Pa\\u0144stwo \\u017c\\u0105danie ograniczenia przetwarzania, Lumo Ceramic Justyna Kosmalska nie b\\u0119dzie przetwarza\\u0107 Pa\\u0144stwa danych osobowych bez zgody, z wyj\\u0105tkiem ich przechowywania lub w celu ustalenia, dochodzenia lub obrony roszcze\\u0144, lub w celu ochrony praw innej osoby fizycznej lub prawnej, lub z uwagi na wa\\u017cne wzgl\\u0119dy interesu publicznego Unii lub pa\\u0144stwa cz\\u0142onkowskiego. Przed uchyleniem ograniczenia zostan\\u0105 Pa\\u0144stwo o tym poinformowani.\"}},{\"@type\":\"Question\",\"name\":\"The right to raise objections\",\"acceptedAnswer\":{\"@type\":\"Answer\",\"text\":\"Maj\\u0105 Pa\\u0144stwo prawo do wniesienia sprzeciwu w przypadku przetwarzania Pa\\u0144stwa danych osobowych na potrzeby marketingu bezpo\\u015bredniego, w tym profilowania, w zakresie, w jakim przetwarzanie jest zwi\\u0105zane z marketingiem bezpo\\u015brednim. Po wniesieniu sprzeciwu Lumo Ceramic Justyna Kosmalska nie b\\u0119dzie przetwarza\\u0107 Pa\\u0144stwa danych osobowych do celu marketingu bezpo\\u015bredniego (w tym profilowania). Przys\\u0142uguje Pa\\u0144stwu prawo do wniesienia sprzeciwu za po\\u015brednictwem zautomatyzowanych \\u015brodk\\u00f3w wykorzystuj\\u0105cych specyfikacje techniczne.\"}},{\"@type\":\"Question\",\"name\":\"Other rights\",\"acceptedAnswer\":{\"@type\":\"Answer\",\"text\":\"Maj\\u0105 Pa\\u0144stwo prawo otrzyma\\u0107 w ustrukturyzowanym, powszechnie u\\u017cywanym formacie nadaj\\u0105cym si\\u0119 do odczytu maszynowego Pa\\u0144stwa dane osobowe, kt\\u00f3re zosta\\u0142y dostarczone oraz prawo do przes\\u0142ania tych danych osobowych innemu administratorowi bez przeszk\\u00f3d ze strony Lumo Ceramic Justyna Kosmalska, je\\u017celi:\\n<ul>\\n \\t<li>przetwarzanie odbywa si\\u0119 na podstawie udzielonej zgody lub na podstawie umowy, dla wykonania kt\\u00f3rej przetwarzanie danych jest niezb\\u0119dne oraz<\\\/li>\\n \\t<li>przetwarzanie odbywa si\\u0119 w spos\\u00f3b zautomatyzowany.<\\\/li>\\n<\\\/ul>\\nLumo Ceramic Justyna Kosmalska mo\\u017ce, na Pa\\u0144stwa \\u017c\\u0105danie, przes\\u0142a\\u0107 Pa\\u0144stwa dane osobowe bezpo\\u015brednio innemu administratorowi, o ile jest to technicznie mo\\u017cliwe.\\n\\nPrzys\\u0142uguje Pa\\u0144stwu r\\u00f3wnie\\u017c prawo do cofni\\u0119cia zgody na przetwarzanie Pa\\u0144stwa danych osobowych w dowolnym momencie, nie ma to jednak wp\\u0142ywu na zgodno\\u015b\\u0107 z prawem przetwarzania, kt\\u00f3rego dokonano na podstawie zgody przed jej cofni\\u0119ciem.\\n\\nPrzys\\u0142uguje Pa\\u0144stwu r\\u00f3wnie\\u017c prawo wniesienia skargi do Prezesa Urz\\u0119du Ochrony Danych Osobowych, w zwi\\u0105zku z przetwarzaniem Pa\\u0144stwa danych osobowych.\"}},{\"@type\":\"Question\",\"name\":\"Privacy policy\",\"acceptedAnswer\":{\"@type\":\"Answer\",\"text\":\"<p>Lumo Ceramic Justyna Kosmalska informuje o tym, \\u017ce na swojej stronie internetowej stosuje pliki cookies. Korzystaj\\u0105c z sklepu internetowego lumoceramic.pl bez zmiany ustawie\\u0144 przegl\\u0105darki, wyra\\u017caj\\u0105 Pa\\u0144stwo zgod\\u0119 na stosowanie plik\\u00f3w cookies zgodnie z Polityk\\u0105 Prywatno\\u015bci.<\\\/p>\"}}]}<\/script>\n\t\t\t\t<\/div>\n\t\t\t\t<\/div>\n\t\t\t\t\t<\/div>\n\t\t<\/div>\n\t\t\t\t\t<\/div>\n\t\t<\/section>\n\t\t\t\t<section class=\"elementor-section elementor-top-section elementor-element elementor-element-05ae2b6 elementor-section-boxed elementor-section-height-default elementor-section-height-default qodef-elementor-content-no\" data-id=\"05ae2b6\" data-element_type=\"section\" data-e-type=\"section\">\n\t\t\t\t\t\t<div class=\"elementor-container elementor-column-gap-default\">\n\t\t\t\t\t<div class=\"elementor-column elementor-col-100 elementor-top-column elementor-element elementor-element-361b834\" data-id=\"361b834\" data-element_type=\"column\" data-e-type=\"column\">\n\t\t\t<div class=\"elementor-widget-wrap\">\n\t\t\t\t\t\t\t<\/div>\n\t\t<\/div>\n\t\t\t\t\t<\/div>\n\t\t<\/section>\n\t\t\t\t<\/div>\n\t\t","protected":false},"excerpt":{"rendered":"<p>Data processing in connection with Rodo Your data will be processed for the provision of services by Lumo Ceramic Justyna Kosmalska. Processing data for a period longer takes place only for the purpose of Lumo Ceramic Justyna Kosmalska&#8217;s obligations resulting from the generally applicable law, eg for accounting purposes. Podanie przez Pa\u0144stwa danych osobowych jest [&hellip;]<\/p>\n","protected":false},"author":1,"featured_media":0,"parent":0,"menu_order":0,"comment_status":"closed","ping_status":"closed","template":"page-full-width.php","meta":{"footnotes":""},"class_list":["post-9865","page","type-page","status-publish","hentry"],"_links":{"self":[{"href":"https:\/\/lumoceramic.pl\/en\/wp-json\/wp\/v2\/pages\/9865","targetHints":{"allow":["GET"]}}],"collection":[{"href":"https:\/\/lumoceramic.pl\/en\/wp-json\/wp\/v2\/pages"}],"about":[{"href":"https:\/\/lumoceramic.pl\/en\/wp-json\/wp\/v2\/types\/page"}],"author":[{"embeddable":true,"href":"https:\/\/lumoceramic.pl\/en\/wp-json\/wp\/v2\/users\/1"}],"replies":[{"embeddable":true,"href":"https:\/\/lumoceramic.pl\/en\/wp-json\/wp\/v2\/comments?post=9865"}],"version-history":[{"count":0,"href":"https:\/\/lumoceramic.pl\/en\/wp-json\/wp\/v2\/pages\/9865\/revisions"}],"wp:attachment":[{"href":"https:\/\/lumoceramic.pl\/en\/wp-json\/wp\/v2\/media?parent=9865"}],"curies":[{"name":"wp","href":"https:\/\/api.w.org\/{rel}","templated":true}]}}