{"id":14783,"date":"2022-10-17T11:59:48","date_gmt":"2022-10-17T09:59:48","guid":{"rendered":"https:\/\/lumoceramic.pl\/?post_type=product&#038;p=14783"},"modified":"2023-05-04T17:02:01","modified_gmt":"2023-05-04T15:02:01","slug":"ebook-ceramiczna-pigulka","status":"publish","type":"product","link":"https:\/\/lumoceramic.pl\/en\/product\/ebook-ceramiczna-pigulka\/","title":{"rendered":"E-book"},"content":{"rendered":"<p style=\"font-weight: 400;\">\u201eCeramiczna Pigu\u0142ka\u201d to 74 strony pe\u0142ne ceramicznej wiedzy, wskaz\u00f3wek, porad i szczeg\u00f3\u0142owych wyja\u015bnie\u0144 dotycz\u0105cych pracy ceramika i garncarza.<\/p>\n<p style=\"font-weight: 400;\">Pierwszy rozdzia\u0142 po\u015bwi\u0119ci\u0142am glinie \u2013 jej rodzajom, zastosowaniu, temperaturom wypa\u0142u oraz technikom jej formowania.<\/p>\n<p style=\"font-weight: 400;\">W drugim rozdziale skupiam si\u0119 na toczeniu na kole (mojej ulubionej technice!) i bardzo szczeg\u00f3\u0142owo omawiam wszystkie etapy powstawania naczynia (du\u017co zdj\u0119\u0107!), omawiam i podpowiadam jakich narz\u0119dzi u\u017cy\u0107 i jak uchroni\u0107 si\u0119 przed wieloma b\u0142\u0119dami.<\/p>\n<p style=\"font-weight: 400;\">W trzecim rozdziale skupiam si\u0119 na technikach trymowania stopki naczynia, a w czwartym (chyba najobszerniejszym) przeprowadzam Was za r\u0119k\u0119 przez ca\u0142y proces szkliwienia prac.\u00a0 T\u0142umacz\u0119 jak nie straci\u0107 g\u0142owy w sklepie z zaopatrzeniem dla ceramik\u00f3w i wybra\u0107 odpowiednie i bezpieczne szkliwa, dlaczego warto robi\u0107 pr\u00f3bki i zawsze mie\u0107 si\u0119 na baczno\u015bci gdy testujemy nowe szkliwo, wreszcie podpowiadam co zrobi\u0107 je\u015bli efekty po wypale nas nie satysfakcjonuj\u0105!<\/p>\n<p style=\"font-weight: 400;\">W ostatnim rozdziale pisze kr\u00f3tko o recyklingu gliny, a nast\u0119pnie przechodz\u0119 do polece\u0144, lektur dodatkowych i ceramicznych festiwali, kt\u00f3re bardzo lubi\u0119.<\/p>\n<p style=\"font-weight: 400;\">W ebooku znajdziecie r\u00f3wnie\u017c dwie strony (na samym ko\u0144cu) przygotowane specjalnie po to aby m\u00f3c je wydrukowa\u0107 i powiesi\u0107 przy kole garncarskim. Dzi\u0119ki nim, nie pominiecie \u017cadnego wa\u017cnego kroku podczas toczenia czy trymowania stopki.<\/p>\n<p style=\"font-weight: 400;\">Mi\u0142ego czytania!<\/p>\n<hr \/>\n<ul>\n<li style=\"font-weight: 400;\">74 strony<\/li>\n<li style=\"font-weight: 400;\">format pdf<\/li>\n<li style=\"font-weight: 400;\">dwie strony przeznaczone do wydrukowania<\/li>\n<li style=\"font-weight: 400;\">natychmiastowy dost\u0119p po zaksi\u0119gowaniu p\u0142atno\u015bci online<\/li>\n<\/ul>\n","protected":false},"excerpt":{"rendered":"<p>Ceramiczny ebook dla pocz\u0105tkuj\u0105cych i \u015bredniozaawansowanych entuzjast\u00f3w gliny<\/p>\n","protected":false},"featured_media":15219,"comment_status":"open","ping_status":"closed","template":"","meta":[],"product_brand":[],"product_cat":[157],"product_tag":[],"class_list":{"0":"post-14783","1":"product","2":"type-product","3":"status-publish","4":"has-post-thumbnail","6":"product_cat-publikacje","8":"first","9":"instock","10":"downloadable","11":"virtual","12":"taxable","13":"purchasable","14":"product-type-simple"},"_links":{"self":[{"href":"https:\/\/lumoceramic.pl\/en\/wp-json\/wp\/v2\/product\/14783","targetHints":{"allow":["GET"]}}],"collection":[{"href":"https:\/\/lumoceramic.pl\/en\/wp-json\/wp\/v2\/product"}],"about":[{"href":"https:\/\/lumoceramic.pl\/en\/wp-json\/wp\/v2\/types\/product"}],"replies":[{"embeddable":true,"href":"https:\/\/lumoceramic.pl\/en\/wp-json\/wp\/v2\/comments?post=14783"}],"wp:featuredmedia":[{"embeddable":true,"href":"https:\/\/lumoceramic.pl\/en\/wp-json\/wp\/v2\/media\/15219"}],"wp:attachment":[{"href":"https:\/\/lumoceramic.pl\/en\/wp-json\/wp\/v2\/media?parent=14783"}],"wp:term":[{"taxonomy":"product_brand","embeddable":true,"href":"https:\/\/lumoceramic.pl\/en\/wp-json\/wp\/v2\/product_brand?post=14783"},{"taxonomy":"product_cat","embeddable":true,"href":"https:\/\/lumoceramic.pl\/en\/wp-json\/wp\/v2\/product_cat?post=14783"},{"taxonomy":"product_tag","embeddable":true,"href":"https:\/\/lumoceramic.pl\/en\/wp-json\/wp\/v2\/product_tag?post=14783"}],"curies":[{"name":"wp","href":"https:\/\/api.w.org\/{rel}","templated":true}]}}