{"id":20854,"date":"2023-11-23T20:40:48","date_gmt":"2023-11-23T19:40:48","guid":{"rendered":"https:\/\/lumoceramic.pl\/?post_type=product&#038;p=20854"},"modified":"2025-08-31T15:15:53","modified_gmt":"2025-08-31T13:15:53","slug":"warsztaty-no-to-hop-ebook","status":"publish","type":"product","link":"https:\/\/lumoceramic.pl\/en\/product\/warsztaty-no-to-hop-ebook\/","title":{"rendered":"Warsztaty &#8220;No to hop&#8221; + Ebook"},"content":{"rendered":"<p>&nbsp;<\/p>\n<p style=\"font-weight: 400;\">\u201eCeramiczna Pigu\u0142ka\u201d to 74 strony pe\u0142ne ceramicznej wiedzy, wskaz\u00f3wek, porad i szczeg\u00f3\u0142owych wyja\u015bnie\u0144 dotycz\u0105cych pracy ceramika i garncarza.<\/p>\n<ul>\n<li style=\"font-weight: 400;\">74 strony<\/li>\n<li style=\"font-weight: 400;\">format pdf<\/li>\n<li style=\"font-weight: 400;\">dwie strony przeznaczone do wydrukowania<\/li>\n<li style=\"font-weight: 400;\">natychmiastowy dost\u0119p po zaksi\u0119gowaniu p\u0142atno\u015bci online<\/li>\n<\/ul>\n<p>&nbsp;<\/p>\n<p>Wi\u0119cej o Ebooku <a href=\"https:\/\/lumoceramic.pl\/ebook\/\"><strong>tutaj.<\/strong><\/a><\/p>\n<p>&nbsp;<\/p>\n<p style=\"font-weight: 400;\"><b>O warsztacie<\/b><\/p>\n<p style=\"text-align: justify;\">Warsztat &#8220;no to hop&#8221; jest przeznaczony dla os\u00f3b, kt\u00f3re nigdy nie mia\u0142y do czynienia z ko\u0142em garncarskim, a chcia\u0142yby zupe\u0142nie niezobowi\u0105zuj\u0105co spr\u00f3bowa\u0107 jak to jest!<\/p>\n<h6><b>Co si\u0119 b\u0119dzie dzia\u0142o?<\/b><\/h6>\n<p style=\"text-align: justify;\">Warsztat to dwie godziny niczym nieskr\u0119powanego toczenia. Po wszystkim Wy idziecie do domu, a ja zajmuj\u0119 si\u0119 reszt\u0105. Wasze prace s\u0105 obrabiane i opisywane Waszym imieniem i dat\u0105, nast\u0119pnie wypalane, szkliwione i ponownie wypalane.<\/p>\n<p style=\"text-align: justify;\">Po oko\u0142o 3 tygodniach zapraszam Was do pracowni po odbi\u00f3r gotowych naczy\u0144, kt\u00f3re mog\u0105 pow\u0119drowa\u0107 prosto na kuchenn\u0105 p\u00f3\u0142k\u0119. (Korzystamy wy\u0142\u0105cznie z gliny kamionkowej wypalanej powy\u017cej 1200 stopni).<\/p>\n<h6><b>Dla kogo?<\/b><\/h6>\n<p style=\"text-align: justify;\">Wbrew og\u00f3lnemu przekonaniu, do pracy na kole nie potrzeba \u017cadnych zdolno\u015bci manualnych. Przyda si\u0119 natomiast entuzjazm, zaanga\u017cowanie i cierpliwo\u015b\u0107 &#8211; do siebie i gliny oczywi\u015bcie! \ud83d\ude09 Oferta warsztat\u00f3w jest skierowana do os\u00f3b doros\u0142ych.<\/p>\n<h6><b>Co dadz\u0105 Ci warsztaty?<\/b><\/h6>\n<p style=\"text-align: justify;\">Warsztaty to przede wszystkim czas na relaks i oderwanie od codzienno\u015bci. Praca na kole garncarskim jest zupe\u0142nie niepor\u00f3wnywalna do niczego, czym zajmujecie si\u0119 w \u017cyciu codziennym i to w\u0142a\u015bnie jej najwi\u0119ksza zaleta!<\/p>\n<p style=\"text-align: justify;\">Nie \u015bmiejcie si\u0119, ale przy kole troch\u0119 si\u0119 medytuje i zapomina o \u015bwiecie, bo my\u015bli kr\u0105\u017c\u0105 wy\u0142\u0105cznie dooko\u0142a gliny. Obiecuj\u0119, \u017ce nawet nie zauwa\u017cycie kiedy min\u0105 2 godziny&#8230;<\/p>\n<h6><b>Co zapewniam?<\/b><\/h6>\n<p style=\"text-align: justify;\">Na miejscu b\u0119d\u0105 na Was czeka\u0107 fartuchy oraz ciep\u0142a herbata, a po warsztatach na Wasz\u0105 skrzynk\u0119 mailow\u0105 trafi ma\u0142a niespodzianka \ud83d\ude09<\/p>\n<h6><b>W jakich godzinach odbywaj\u0105 si\u0119 warsztaty?<\/b><\/h6>\n<p style=\"text-align: justify;\">Warsztaty odbywaj\u0105 si\u0119 w tygodniu, rano mi\u0119dzy 10.00 a 12.00 oraz po po\u0142udniu 18.00- 20.00 w wybrane dni tygodnia.<\/p>\n<p style=\"text-align: justify;\">W weekendy pracownia jest zamkni\u0119ta.<\/p>\n<h6><b>Jak si\u0119 um\u00f3wi\u0107?<\/b><\/h6>\n<p style=\"text-align: justify;\">Po zakupie warsztatu skontaktuj si\u0119 ze mn\u0105 mailowo aby ustali\u0107 dogodny termin spotkania! Je\u015bli kupujesz warsztat jako prezent r\u00f3wnie\u017c daj mi o tym zna\u0107 \u2013 w mailu zwrotnym prze\u015bl\u0119 Ci elegancki bon do samodzielnego wydrukowania, wype\u0142niania i wr\u0119czenia! Po wydrukowane bony mo\u017cna te\u017c wpa\u015b\u0107 do pracowni!<\/p>\n<h6><b>Cena i czas trwania?<\/b><\/h6>\n<p style=\"text-align: justify;\">Warsztaty \u201eno to hop\u201d trwaj\u0105 2 godziny i kosztuj\u0105 260 z\u0142 od osoby. W pracowni s\u0105 trzy ko\u0142a w zwi\u0105zku z czym jednocze\u015bnie w warsztatach mog\u0105 bra\u0107 udzia\u0142 maksymalnie trzy osoby, co zapewnia bardzo kameralne warunki pracy.<\/p>\n<h6><b>Jak si\u0119 przygotowa\u0107 do warsztat\u00f3w?<\/b><\/h6>\n<p style=\"text-align: justify;\">Na warsztaty polecam za\u0142o\u017cy\u0107 wygodne ubranie, kt\u00f3re mo\u017ce si\u0119 pobrudzi\u0107 (glina pryska jednak czasem poza fartuch) oraz buty na p\u0142askiej podeszwie. D\u0142ugie paznokcie b\u0119d\u0105 przeszkadza\u0107 w pracy, wi\u0119c im kr\u00f3tsze tym lepiej.<\/p>\n<p style=\"text-align: justify;\">Odradzam te\u017c sp\u00f3dnice, w spodniach du\u017co wygodniej siedzi si\u0119 przy kole \ud83d\ude09<\/p>\n<p>&nbsp;<\/p>\n<p>Szczeg\u00f3\u0142owy regulamin warsztat\u00f3w znajduje si\u0119 <a href=\"https:\/\/lumoceramic.pl\/regulamin-warsztatow\/\" target=\"_blank\" rel=\"nofollow noopener\">tutaj<\/a>.<\/p>\n","protected":false},"excerpt":{"rendered":"<p>Idealny pomys\u0142 na \u015bwi\u0105teczny prezent dla kogo\u015b kto chcia\u0142by rozpocz\u0105\u0107 swoj\u0105 przygod\u0119 z garncarstwem!<\/p>\n<p>Bon na warsztaty plus Ebook obja\u015bniajacy tajniki pracy z glin\u0105 w promocyjnej cenie 50 z\u0142 zamiast 69 z\u0142.<\/p>\n<p>Wi\u0119cej szczeg\u00f3\u0142\u00f3w w opisie poni\u017cej.<\/p>\n","protected":false},"featured_media":21566,"comment_status":"open","ping_status":"closed","template":"","meta":[],"product_brand":[],"product_cat":[76],"product_tag":[],"class_list":{"0":"post-20854","1":"product","2":"type-product","3":"status-publish","4":"has-post-thumbnail","6":"product_cat-warsztaty","8":"first","9":"instock","10":"downloadable","11":"virtual","12":"taxable","13":"purchasable","14":"product-type-simple"},"_links":{"self":[{"href":"https:\/\/lumoceramic.pl\/en\/wp-json\/wp\/v2\/product\/20854","targetHints":{"allow":["GET"]}}],"collection":[{"href":"https:\/\/lumoceramic.pl\/en\/wp-json\/wp\/v2\/product"}],"about":[{"href":"https:\/\/lumoceramic.pl\/en\/wp-json\/wp\/v2\/types\/product"}],"replies":[{"embeddable":true,"href":"https:\/\/lumoceramic.pl\/en\/wp-json\/wp\/v2\/comments?post=20854"}],"wp:featuredmedia":[{"embeddable":true,"href":"https:\/\/lumoceramic.pl\/en\/wp-json\/wp\/v2\/media\/21566"}],"wp:attachment":[{"href":"https:\/\/lumoceramic.pl\/en\/wp-json\/wp\/v2\/media?parent=20854"}],"wp:term":[{"taxonomy":"product_brand","embeddable":true,"href":"https:\/\/lumoceramic.pl\/en\/wp-json\/wp\/v2\/product_brand?post=20854"},{"taxonomy":"product_cat","embeddable":true,"href":"https:\/\/lumoceramic.pl\/en\/wp-json\/wp\/v2\/product_cat?post=20854"},{"taxonomy":"product_tag","embeddable":true,"href":"https:\/\/lumoceramic.pl\/en\/wp-json\/wp\/v2\/product_tag?post=20854"}],"curies":[{"name":"wp","href":"https:\/\/api.w.org\/{rel}","templated":true}]}}